{"id":601,"date":"2019-06-15T16:54:16","date_gmt":"2019-06-15T13:54:16","guid":{"rendered":"http:\/\/lomatrio-koskelo.fi\/koskelo\/?page_id=601"},"modified":"2019-10-25T19:08:59","modified_gmt":"2019-10-25T16:08:59","slug":"tilaisuudet-ryhmille","status":"publish","type":"page","link":"https:\/\/lomatrio-koskelo.fi\/koskelo\/tilaisuudet-ryhmille\/","title":{"rendered":"Tilaisuudet ryhmille"},"content":{"rendered":"<p>[et_pb_section fb_built=&#8221;1&#8243; _builder_version=&#8221;3.24.1&#8243; background_image=&#8221;https:\/\/lomatrio-koskelo.fi\/koskelo\/wp-content\/uploads\/sites\/5\/2019\/06\/tilausravintola-lomatrio.jpg&#8221; custom_padding=&#8221;8vw||8vw&#8221;][et_pb_row _builder_version=&#8221;3.25&#8243; border_width_all=&#8221;4px&#8221; border_color_all=&#8221;#E71E27&#8243;][et_pb_column type=&#8221;4_4&#8243; _builder_version=&#8221;3.25&#8243; custom_padding=&#8221;|||&#8221; custom_padding__hover=&#8221;|||&#8221;][et_pb_text _builder_version=&#8221;3.27.4&#8243; header_font=&#8221;Frank Ruhl Libre|900|||||||&#8221; header_text_align=&#8221;center&#8221; header_text_color=&#8221;#E71E27&#8243; header_font_size=&#8221;50px&#8221; header_font_size_tablet=&#8221;&#8221; header_font_size_phone=&#8221;25px&#8221; header_font_size_last_edited=&#8221;on|phone&#8221;]<\/p>\n<h1>TILAISUUDET RYHMILLE<\/h1>\n<p>[\/et_pb_text][\/et_pb_column][\/et_pb_row][\/et_pb_section][et_pb_section fb_built=&#8221;1&#8243; fullwidth=&#8221;on&#8221; _builder_version=&#8221;3.22.5&#8243;][et_pb_fullwidth_menu menu_id=&#8221;8&#8243; _builder_version=&#8221;3.22.5&#8243; menu_font=&#8221;Open Sans|700|||||||&#8221; menu_font_size=&#8221;17px&#8221;][\/et_pb_fullwidth_menu][\/et_pb_section][et_pb_section fb_built=&#8221;1&#8243; _builder_version=&#8221;3.22.5&#8243; top_divider_color=&#8221;#E71E27&#8243; top_divider_height=&#8221;21px&#8221; top_divider_repeat=&#8221;4x&#8221; border_width_top=&#8221;7px&#8221; border_color_top=&#8221;#E71E27&#8243;][et_pb_row _builder_version=&#8221;3.25&#8243;][et_pb_column type=&#8221;4_4&#8243; _builder_version=&#8221;3.25&#8243; custom_padding=&#8221;|||&#8221; custom_padding__hover=&#8221;|||&#8221;][et_pb_text _builder_version=&#8221;3.27.4&#8243; text_font=&#8221;|700|||||||&#8221; header_font=&#8221;||||||||&#8221; header_3_font=&#8221;Domine|700|||||||&#8221; header_3_text_align=&#8221;center&#8221; header_3_text_color=&#8221;#E71E27&#8243; header_3_font_size=&#8221;30px&#8221; header_4_font=&#8221;|600|||||||&#8221; header_4_line_height=&#8221;1.4em&#8221;]<\/p>\n<h4 style=\"text-align: center;\">Koskelon ravintolasalissa voi j\u00e4rjest\u00e4\u00e4 my\u00f6s erilaisia tilaisuuksia ryhmille, kuten esimerkiksi kokouksia ja syntymp\u00e4ivi\u00e4. Tee alta varaustiedustelu haluamallesi p\u00e4iv\u00e4ll\u00e4 ja kellonajalle. <\/h4>\n<p>[\/et_pb_text][\/et_pb_column][\/et_pb_row][et_pb_row _builder_version=&#8221;3.25&#8243;][et_pb_column type=&#8221;4_4&#8243; _builder_version=&#8221;3.25&#8243; custom_padding=&#8221;|||&#8221; custom_padding__hover=&#8221;|||&#8221;][et_pb_text _builder_version=&#8221;4.0.3&#8243; text_font_size=&#8221;21px&#8221; hover_enabled=&#8221;0&#8243;]<\/p>\n<h3 style=\"text-align: center;\">Ryhm\u00e4n tilaisuuden varaus. L\u00e4het\u00e4 s\u00e4hk\u00f6posti osoitteeseen:<\/h3>\n<p style=\"text-align: center;\"><a href=\"mailto:koskelo@lomatrio-koskelo.fi\">koskelo@lomatrio-koskelo.fi<\/a><\/p>\n<p style=\"text-align: center;\">Ilmoita s\u00e4hk\u00f6postiviestiss\u00e4 varattava ajankohta, varaajan nimi, puhelinnumero ja s\u00e4hk\u00f6posti sek\u00e4 tilaisuuden luonne ja mahdolliset lis\u00e4tiedot.<\/p>\n<p style=\"text-align: center;\">Vahvistamme varauksen ilmoittamaasi s\u00e4hk\u00f6postiin.<\/p>\n<p>[\/et_pb_text][\/et_pb_column][\/et_pb_row][\/et_pb_section]<\/p>\n","protected":false},"excerpt":{"rendered":"<p>TILAISUUDET RYHMILLEKoskelon ravintolasalissa voi j\u00e4rjest\u00e4\u00e4 my\u00f6s erilaisia tilaisuuksia ryhmille, kuten esimerkiksi kokouksia ja syntymp\u00e4ivi\u00e4. Tee alta varaustiedustelu haluamallesi p\u00e4iv\u00e4ll\u00e4 ja kellonajalle. Ryhm\u00e4n tilaisuuden varaus. L\u00e4het\u00e4 s\u00e4hk\u00f6posti osoitteeseen: koskelo@lomatrio-koskelo.fi Ilmoita s\u00e4hk\u00f6postiviestiss\u00e4 varattava ajankohta, varaajan nimi, puhelinnumero ja s\u00e4hk\u00f6posti sek\u00e4 tilaisuuden luonne ja mahdolliset lis\u00e4tiedot. Vahvistamme varauksen ilmoittamaasi s\u00e4hk\u00f6postiin.<\/p>\n","protected":false},"author":1,"featured_media":0,"parent":0,"menu_order":0,"comment_status":"closed","ping_status":"closed","template":"page-template-blank.php","meta":{"_et_pb_use_builder":"on","_et_pb_old_content":"","_et_gb_content_width":"","footnotes":""},"class_list":["post-601","page","type-page","status-publish","hentry"],"yoast_head":"<!-- This site is optimized with the Yoast SEO plugin v27.4 - https:\/\/yoast.com\/product\/yoast-seo-wordpress\/ -->\n<title>Tilaisuudet ryhmille - Koskelo - Viihtyis\u00e4 liikenneasema valtatie 9:n varressa<\/title>\n<meta name=\"description\" content=\"Liikenneasemamme ravintolassa voit pit\u00e4\u00e4 my\u00f6s pienimuotoisia tilaisuuksia. Varaa tarjottavat ja paikka porukalle k\u00e4tev\u00e4sti verkkosivujemme kautta.\" \/>\n<meta name=\"robots\" content=\"index, follow, max-snippet:-1, max-image-preview:large, max-video-preview:-1\" \/>\n<link rel=\"canonical\" href=\"https:\/\/lomatrio-koskelo.fi\/koskelo\/tilaisuudet-ryhmille\/\" \/>\n<meta property=\"og:locale\" content=\"fi_FI\" \/>\n<meta property=\"og:type\" content=\"article\" \/>\n<meta property=\"og:title\" content=\"Tilaisuudet ryhmille - Koskelo - Viihtyis\u00e4 liikenneasema valtatie 9:n varressa\" \/>\n<meta property=\"og:description\" content=\"Liikenneasemamme ravintolassa voit pit\u00e4\u00e4 my\u00f6s pienimuotoisia tilaisuuksia. Varaa tarjottavat ja paikka porukalle k\u00e4tev\u00e4sti verkkosivujemme kautta.\" \/>\n<meta property=\"og:url\" content=\"https:\/\/lomatrio-koskelo.fi\/koskelo\/tilaisuudet-ryhmille\/\" \/>\n<meta property=\"og:site_name\" content=\"Koskelo\" \/>\n<meta property=\"article:publisher\" content=\"https:\/\/www.facebook.com\/Koskelon-Matkailukeskus-1495588263986709\/\" \/>\n<meta property=\"article:modified_time\" content=\"2019-10-25T16:08:59+00:00\" \/>\n<meta name=\"twitter:card\" content=\"summary_large_image\" \/>\n<meta name=\"twitter:label1\" content=\"Arvioitu lukuaika\" \/>\n\t<meta name=\"twitter:data1\" content=\"2 minuuttia\" \/>\n<script type=\"application\/ld+json\" class=\"yoast-schema-graph\">{\"@context\":\"https:\\\/\\\/schema.org\",\"@graph\":[{\"@type\":\"WebPage\",\"@id\":\"https:\\\/\\\/lomatrio-koskelo.fi\\\/koskelo\\\/tilaisuudet-ryhmille\\\/\",\"url\":\"https:\\\/\\\/lomatrio-koskelo.fi\\\/koskelo\\\/tilaisuudet-ryhmille\\\/\",\"name\":\"Tilaisuudet ryhmille - Koskelo - Viihtyis\u00e4 liikenneasema valtatie 9:n varressa\",\"isPartOf\":{\"@id\":\"https:\\\/\\\/lomatrio-koskelo.fi\\\/koskelo\\\/#website\"},\"datePublished\":\"2019-06-15T13:54:16+00:00\",\"dateModified\":\"2019-10-25T16:08:59+00:00\",\"description\":\"Liikenneasemamme ravintolassa voit pit\u00e4\u00e4 my\u00f6s pienimuotoisia tilaisuuksia. Varaa tarjottavat ja paikka porukalle k\u00e4tev\u00e4sti verkkosivujemme kautta.\",\"breadcrumb\":{\"@id\":\"https:\\\/\\\/lomatrio-koskelo.fi\\\/koskelo\\\/tilaisuudet-ryhmille\\\/#breadcrumb\"},\"inLanguage\":\"fi\",\"potentialAction\":[{\"@type\":\"ReadAction\",\"target\":[\"https:\\\/\\\/lomatrio-koskelo.fi\\\/koskelo\\\/tilaisuudet-ryhmille\\\/\"]}]},{\"@type\":\"BreadcrumbList\",\"@id\":\"https:\\\/\\\/lomatrio-koskelo.fi\\\/koskelo\\\/tilaisuudet-ryhmille\\\/#breadcrumb\",\"itemListElement\":[{\"@type\":\"ListItem\",\"position\":1,\"name\":\"Home\",\"item\":\"https:\\\/\\\/lomatrio-koskelo.fi\\\/koskelo\\\/\"},{\"@type\":\"ListItem\",\"position\":2,\"name\":\"Tilaisuudet ryhmille\"}]},{\"@type\":\"WebSite\",\"@id\":\"https:\\\/\\\/lomatrio-koskelo.fi\\\/koskelo\\\/#website\",\"url\":\"https:\\\/\\\/lomatrio-koskelo.fi\\\/koskelo\\\/\",\"name\":\"Koskelo\",\"description\":\"Uusi Lomatrio-Koskelo-sivustot -sivusto\",\"potentialAction\":[{\"@type\":\"SearchAction\",\"target\":{\"@type\":\"EntryPoint\",\"urlTemplate\":\"https:\\\/\\\/lomatrio-koskelo.fi\\\/koskelo\\\/?s={search_term_string}\"},\"query-input\":{\"@type\":\"PropertyValueSpecification\",\"valueRequired\":true,\"valueName\":\"search_term_string\"}}],\"inLanguage\":\"fi\"}]}<\/script>\n<!-- \/ Yoast SEO plugin. -->","yoast_head_json":{"title":"Tilaisuudet ryhmille - Koskelo - Viihtyis\u00e4 liikenneasema valtatie 9:n varressa","description":"Liikenneasemamme ravintolassa voit pit\u00e4\u00e4 my\u00f6s pienimuotoisia tilaisuuksia. Varaa tarjottavat ja paikka porukalle k\u00e4tev\u00e4sti verkkosivujemme kautta.","robots":{"index":"index","follow":"follow","max-snippet":"max-snippet:-1","max-image-preview":"max-image-preview:large","max-video-preview":"max-video-preview:-1"},"canonical":"https:\/\/lomatrio-koskelo.fi\/koskelo\/tilaisuudet-ryhmille\/","og_locale":"fi_FI","og_type":"article","og_title":"Tilaisuudet ryhmille - Koskelo - Viihtyis\u00e4 liikenneasema valtatie 9:n varressa","og_description":"Liikenneasemamme ravintolassa voit pit\u00e4\u00e4 my\u00f6s pienimuotoisia tilaisuuksia. Varaa tarjottavat ja paikka porukalle k\u00e4tev\u00e4sti verkkosivujemme kautta.","og_url":"https:\/\/lomatrio-koskelo.fi\/koskelo\/tilaisuudet-ryhmille\/","og_site_name":"Koskelo","article_publisher":"https:\/\/www.facebook.com\/Koskelon-Matkailukeskus-1495588263986709\/","article_modified_time":"2019-10-25T16:08:59+00:00","twitter_card":"summary_large_image","twitter_misc":{"Arvioitu lukuaika":"2 minuuttia"},"schema":{"@context":"https:\/\/schema.org","@graph":[{"@type":"WebPage","@id":"https:\/\/lomatrio-koskelo.fi\/koskelo\/tilaisuudet-ryhmille\/","url":"https:\/\/lomatrio-koskelo.fi\/koskelo\/tilaisuudet-ryhmille\/","name":"Tilaisuudet ryhmille - Koskelo - Viihtyis\u00e4 liikenneasema valtatie 9:n varressa","isPartOf":{"@id":"https:\/\/lomatrio-koskelo.fi\/koskelo\/#website"},"datePublished":"2019-06-15T13:54:16+00:00","dateModified":"2019-10-25T16:08:59+00:00","description":"Liikenneasemamme ravintolassa voit pit\u00e4\u00e4 my\u00f6s pienimuotoisia tilaisuuksia. Varaa tarjottavat ja paikka porukalle k\u00e4tev\u00e4sti verkkosivujemme kautta.","breadcrumb":{"@id":"https:\/\/lomatrio-koskelo.fi\/koskelo\/tilaisuudet-ryhmille\/#breadcrumb"},"inLanguage":"fi","potentialAction":[{"@type":"ReadAction","target":["https:\/\/lomatrio-koskelo.fi\/koskelo\/tilaisuudet-ryhmille\/"]}]},{"@type":"BreadcrumbList","@id":"https:\/\/lomatrio-koskelo.fi\/koskelo\/tilaisuudet-ryhmille\/#breadcrumb","itemListElement":[{"@type":"ListItem","position":1,"name":"Home","item":"https:\/\/lomatrio-koskelo.fi\/koskelo\/"},{"@type":"ListItem","position":2,"name":"Tilaisuudet ryhmille"}]},{"@type":"WebSite","@id":"https:\/\/lomatrio-koskelo.fi\/koskelo\/#website","url":"https:\/\/lomatrio-koskelo.fi\/koskelo\/","name":"Koskelo","description":"Uusi Lomatrio-Koskelo-sivustot -sivusto","potentialAction":[{"@type":"SearchAction","target":{"@type":"EntryPoint","urlTemplate":"https:\/\/lomatrio-koskelo.fi\/koskelo\/?s={search_term_string}"},"query-input":{"@type":"PropertyValueSpecification","valueRequired":true,"valueName":"search_term_string"}}],"inLanguage":"fi"}]}},"_links":{"self":[{"href":"https:\/\/lomatrio-koskelo.fi\/koskelo\/wp-json\/wp\/v2\/pages\/601","targetHints":{"allow":["GET"]}}],"collection":[{"href":"https:\/\/lomatrio-koskelo.fi\/koskelo\/wp-json\/wp\/v2\/pages"}],"about":[{"href":"https:\/\/lomatrio-koskelo.fi\/koskelo\/wp-json\/wp\/v2\/types\/page"}],"author":[{"embeddable":true,"href":"https:\/\/lomatrio-koskelo.fi\/koskelo\/wp-json\/wp\/v2\/users\/1"}],"replies":[{"embeddable":true,"href":"https:\/\/lomatrio-koskelo.fi\/koskelo\/wp-json\/wp\/v2\/comments?post=601"}],"version-history":[{"count":8,"href":"https:\/\/lomatrio-koskelo.fi\/koskelo\/wp-json\/wp\/v2\/pages\/601\/revisions"}],"predecessor-version":[{"id":893,"href":"https:\/\/lomatrio-koskelo.fi\/koskelo\/wp-json\/wp\/v2\/pages\/601\/revisions\/893"}],"wp:attachment":[{"href":"https:\/\/lomatrio-koskelo.fi\/koskelo\/wp-json\/wp\/v2\/media?parent=601"}],"curies":[{"name":"wp","href":"https:\/\/api.w.org\/{rel}","templated":true}]}}