{"id":557,"date":"2019-06-15T16:20:27","date_gmt":"2019-06-15T13:20:27","guid":{"rendered":"http:\/\/lomatrio-koskelo.fi\/koskelo\/?page_id=557"},"modified":"2026-02-19T09:11:09","modified_gmt":"2026-02-19T07:11:09","slug":"joukkueruokailu","status":"publish","type":"page","link":"https:\/\/lomatrio-koskelo.fi\/koskelo\/joukkueruokailu\/","title":{"rendered":"Joukkueruokailu"},"content":{"rendered":"<p>[et_pb_section fb_built=&#8221;1&#8243; _builder_version=&#8221;4.16&#8243; background_image=&#8221;https:\/\/lomatrio-koskelo.fi\/koskelo\/wp-content\/uploads\/sites\/5\/2019\/06\/lomatrio-joukkueruokailu-2.jpg&#8221; custom_padding=&#8221;8vw||8vw&#8221; global_colors_info=&#8221;{}&#8221;][et_pb_row _builder_version=&#8221;4.16&#8243; border_width_top=&#8221;3px&#8221; border_color_top=&#8221;#FFFFFF&#8221; border_width_right=&#8221;3px&#8221; border_color_right=&#8221;#FFFFFF&#8221; border_width_bottom=&#8221;3px&#8221; border_color_bottom=&#8221;#FFFFFF&#8221; border_width_left=&#8221;3px&#8221; border_color_left=&#8221;#FFFFFF&#8221; global_colors_info=&#8221;{}&#8221;][et_pb_column type=&#8221;4_4&#8243; _builder_version=&#8221;4.16&#8243; custom_padding=&#8221;|||&#8221; global_colors_info=&#8221;{}&#8221; custom_padding__hover=&#8221;|||&#8221;][et_pb_text _builder_version=&#8221;4.16&#8243; header_font=&#8221;Frank Ruhl Libre|900|||||||&#8221; header_text_align=&#8221;center&#8221; header_text_color=&#8221;#FFFFFF&#8221; header_font_size=&#8221;50px&#8221; header_font_size_tablet=&#8221;&#8221; header_font_size_phone=&#8221;25px&#8221; header_font_size_last_edited=&#8221;on|phone&#8221; header_text_shadow_style=&#8221;preset2&#8243; global_colors_info=&#8221;{}&#8221;]<\/p>\n<h1>JOUKKUERUOKAILUT<\/h1>\n<p>[\/et_pb_text][\/et_pb_column][\/et_pb_row][\/et_pb_section][et_pb_section fb_built=&#8221;1&#8243; fullwidth=&#8221;on&#8221; _builder_version=&#8221;4.16&#8243; global_colors_info=&#8221;{}&#8221;][et_pb_fullwidth_menu menu_id=&#8221;8&#8243; _builder_version=&#8221;4.16&#8243; menu_font=&#8221;Open Sans|700|||||||&#8221; menu_font_size=&#8221;17px&#8221; global_colors_info=&#8221;{}&#8221;][\/et_pb_fullwidth_menu][\/et_pb_section][et_pb_section fb_built=&#8221;1&#8243; _builder_version=&#8221;4.16&#8243; top_divider_color=&#8221;#E71E27&#8243; top_divider_height=&#8221;21px&#8221; top_divider_repeat=&#8221;4x&#8221; border_width_top=&#8221;7px&#8221; border_color_top=&#8221;#2B9FCD&#8221; global_colors_info=&#8221;{}&#8221;][et_pb_row _builder_version=&#8221;4.16&#8243; global_colors_info=&#8221;{}&#8221;][et_pb_column type=&#8221;4_4&#8243; _builder_version=&#8221;4.16&#8243; custom_padding=&#8221;|||&#8221; global_colors_info=&#8221;{}&#8221; custom_padding__hover=&#8221;|||&#8221;][et_pb_text _builder_version=&#8221;4.16&#8243; text_font=&#8221;||||||||&#8221; header_font=&#8221;||||||||&#8221; header_text_color=&#8221;#2B9FCD&#8221; header_3_font=&#8221;Frank Ruhl Libre|700|||||||&#8221; header_3_text_align=&#8221;center&#8221; header_3_text_color=&#8221;#2B9FCD&#8221; header_3_font_size=&#8221;30px&#8221; header_3_font_size_tablet=&#8221;&#8221; header_3_font_size_phone=&#8221;&#8221; header_3_font_size_last_edited=&#8221;on|desktop&#8221; global_colors_info=&#8221;{}&#8221;]<\/p>\n<h3 style=\"text-align: center;\">Joukkueruokailut noutop\u00f6yd\u00e4st\u00e4:<\/h3>\n<p>[\/et_pb_text][et_pb_text _builder_version=&#8221;4.27.4&#8243; text_font=&#8221;||||||||&#8221; hover_enabled=&#8221;0&#8243; global_colors_info=&#8221;{}&#8221; sticky_enabled=&#8221;0&#8243;]<\/p>\n<p style=\"text-align: center;\"><b>Lihapullat ja muusi<\/b><\/p>\n<p style=\"text-align: center;\">12,90\u20ac\/ alle 12-vuotiaat<\/p>\n<p style=\"text-align: center;\">13,90 \u20ac \/ yli 12-vuotiaat<\/p>\n<p style=\"text-align: center;\"><b>Jauheliha-, broileri-, kinkku-, kebabpasta<\/b><\/p>\n<p style=\"text-align: center;\">11,90 \u20ac \/ alle 12-vuotiaat<\/p>\n<p style=\"text-align: center;\">12,90 \u20ac \/ yli 12-vuotiaat<\/p>\n<p style=\"text-align: center;\"><b>Kinkku-, salami-, kebabkiusaus<\/b><\/p>\n<p style=\"text-align: center;\">11,90 \u20ac \/ alle 12-vuotiaat<\/p>\n<p style=\"text-align: center;\">12,90 \u20ac \/ yli 12-vuotiaat<\/p>\n<p style=\"text-align: center;\"><b>Jauhelihakastike ja spagetti<\/b><\/p>\n<p style=\"text-align: center;\">11,50 \u20ac \/ alle 12-vuotiaat<\/p>\n<p style=\"text-align: center;\">12,90 \u20ac \/ yli 12-vuotiaat<\/p>\n<p style=\"text-align: center;\"><b>Runsas aamupala<\/b><\/p>\n<p style=\"text-align: center;\">12,50\u20ac \/ hl\u00f6<\/p>\n<p style=\"text-align: center;\"><b>P\u00e4iv\u00e4n lounas<\/b><\/p>\n<p style=\"text-align: center;\">MA-PE: 13,90\u20ac<\/p>\n<p style=\"text-align: center;\">LA-SU: 15.90\u20ac<\/p>\n<p style=\"text-align: center;\">Kaikki vaihtoehdot sis\u00e4lt\u00e4v\u00e4t salaatin, kotikaljan\/mehun\/veden sek\u00e4 leiv\u00e4n ja levitteen.<\/p>\n<p style=\"text-align: center;\">J\u00e4lkiruoaksi kahvi tai j\u00e4lkiruokaj\u00e4tski.<\/p>\n<p style=\"text-align: center;\">Ryhm\u00e4t alle 20 henke\u00e4: kuljettaja veloituksetta.<\/p>\n<p style=\"text-align: center;\">Ryhm\u00e4t 20 henke\u00e4 tai yli: kuljettaja ja matkanjohtaja veloituksetta.<\/p>\n<p>[\/et_pb_text][\/et_pb_column][\/et_pb_row][\/et_pb_section][et_pb_section fb_built=&#8221;1&#8243; _builder_version=&#8221;4.16&#8243; global_colors_info=&#8221;{}&#8221;][et_pb_row _builder_version=&#8221;4.16&#8243; global_colors_info=&#8221;{}&#8221;][et_pb_column type=&#8221;4_4&#8243; _builder_version=&#8221;4.16&#8243; custom_padding=&#8221;|||&#8221; global_colors_info=&#8221;{}&#8221; custom_padding__hover=&#8221;|||&#8221;][et_pb_text _builder_version=&#8221;4.16&#8243; text_font_size=&#8221;19px&#8221; global_colors_info=&#8221;{}&#8221;]<\/p>\n<h3 style=\"text-align: center;\">Tee t\u00e4st\u00e4 etuk\u00e4teisvaraus ryhm\u00e4si ruokailulle. L\u00e4het\u00e4 s\u00e4hk\u00f6postia osoitteeseen:<\/h3>\n<p style=\"text-align: center;\"><a href=\"mailto:koskelo@lomatrio-koskelo.fi\">koskelo@lomatrio-koskelo.fi<\/a><\/p>\n<p style=\"text-align: center;\">\u00a0Ilmoita s\u00e4hk\u00f6postissa ryhm\u00e4si ruokailun ajankohta, ryhm\u00e4n henkil\u00f6m\u00e4\u00e4r\u00e4, ryhm\u00e4n valitsema ruokailuvaihtoehto, mahdolliset erikoisruokavaliot. Kerro lis\u00e4ksi ryhm\u00e4njohtajan nimi, puhelinnumero sek\u00e4 s\u00e4hk\u00f6postiosoite.<\/p>\n<p style=\"text-align: center;\">Vahvistamme ryhm\u00e4nne ruokailun ilmoitettuun ryhm\u00e4njohtajan s\u00e4hk\u00f6postiin.<\/p>\n<p>[\/et_pb_text][\/et_pb_column][\/et_pb_row][\/et_pb_section]<\/p>\n","protected":false},"excerpt":{"rendered":"<p>JOUKKUERUOKAILUTJoukkueruokailut noutop\u00f6yd\u00e4st\u00e4:Lihapullat ja muusi 12,90\u20ac\/ alle 12-vuotiaat 13,90 \u20ac \/ yli 12-vuotiaat Jauheliha-, broileri-, kinkku-, kebabpasta 11,90 \u20ac \/ alle 12-vuotiaat 12,90 \u20ac \/ yli 12-vuotiaat Kinkku-, salami-, kebabkiusaus 11,90 \u20ac \/ alle 12-vuotiaat 12,90 \u20ac \/ yli 12-vuotiaat Jauhelihakastike ja spagetti 11,50 \u20ac \/ alle 12-vuotiaat 12,90 \u20ac \/ yli 12-vuotiaat Runsas aamupala 12,50\u20ac [&hellip;]<\/p>\n","protected":false},"author":1,"featured_media":0,"parent":0,"menu_order":0,"comment_status":"closed","ping_status":"closed","template":"page-template-blank.php","meta":{"_et_pb_use_builder":"on","_et_pb_old_content":"","_et_gb_content_width":"","footnotes":""},"class_list":["post-557","page","type-page","status-publish","hentry"],"yoast_head":"<!-- This site is optimized with the Yoast SEO plugin v27.4 - https:\/\/yoast.com\/product\/yoast-seo-wordpress\/ -->\n<title>Joukkueruokailu - Koskelo - Viihtyis\u00e4 liikenneasema valtatie 9:n varressa<\/title>\n<meta name=\"description\" content=\"Isommankin porukan ruokailut onnistuvat meill\u00e4 k\u00e4tev\u00e4sti ennakkoon tilaamalla. Katso lista, valitse ja varaa ruokailu k\u00e4tev\u00e4sti verkkosivujemme kautta.\" \/>\n<meta name=\"robots\" content=\"index, follow, max-snippet:-1, max-image-preview:large, max-video-preview:-1\" \/>\n<link rel=\"canonical\" href=\"https:\/\/lomatrio-koskelo.fi\/koskelo\/joukkueruokailu\/\" \/>\n<meta property=\"og:locale\" content=\"fi_FI\" \/>\n<meta property=\"og:type\" content=\"article\" \/>\n<meta property=\"og:title\" content=\"Joukkueruokailu - Koskelo - Viihtyis\u00e4 liikenneasema valtatie 9:n varressa\" \/>\n<meta property=\"og:description\" content=\"Isommankin porukan ruokailut onnistuvat meill\u00e4 k\u00e4tev\u00e4sti ennakkoon tilaamalla. Katso lista, valitse ja varaa ruokailu k\u00e4tev\u00e4sti verkkosivujemme kautta.\" \/>\n<meta property=\"og:url\" content=\"https:\/\/lomatrio-koskelo.fi\/koskelo\/joukkueruokailu\/\" \/>\n<meta property=\"og:site_name\" content=\"Koskelo\" \/>\n<meta property=\"article:publisher\" content=\"https:\/\/www.facebook.com\/Koskelon-Matkailukeskus-1495588263986709\/\" \/>\n<meta property=\"article:modified_time\" content=\"2026-02-19T07:11:09+00:00\" \/>\n<meta name=\"twitter:card\" content=\"summary_large_image\" \/>\n<meta name=\"twitter:label1\" content=\"Arvioitu lukuaika\" \/>\n\t<meta name=\"twitter:data1\" content=\"3 minuuttia\" \/>\n<script type=\"application\/ld+json\" class=\"yoast-schema-graph\">{\"@context\":\"https:\\\/\\\/schema.org\",\"@graph\":[{\"@type\":\"WebPage\",\"@id\":\"https:\\\/\\\/lomatrio-koskelo.fi\\\/koskelo\\\/joukkueruokailu\\\/\",\"url\":\"https:\\\/\\\/lomatrio-koskelo.fi\\\/koskelo\\\/joukkueruokailu\\\/\",\"name\":\"Joukkueruokailu - Koskelo - Viihtyis\u00e4 liikenneasema valtatie 9:n varressa\",\"isPartOf\":{\"@id\":\"https:\\\/\\\/lomatrio-koskelo.fi\\\/koskelo\\\/#website\"},\"datePublished\":\"2019-06-15T13:20:27+00:00\",\"dateModified\":\"2026-02-19T07:11:09+00:00\",\"description\":\"Isommankin porukan ruokailut onnistuvat meill\u00e4 k\u00e4tev\u00e4sti ennakkoon tilaamalla. Katso lista, valitse ja varaa ruokailu k\u00e4tev\u00e4sti verkkosivujemme kautta.\",\"breadcrumb\":{\"@id\":\"https:\\\/\\\/lomatrio-koskelo.fi\\\/koskelo\\\/joukkueruokailu\\\/#breadcrumb\"},\"inLanguage\":\"fi\",\"potentialAction\":[{\"@type\":\"ReadAction\",\"target\":[\"https:\\\/\\\/lomatrio-koskelo.fi\\\/koskelo\\\/joukkueruokailu\\\/\"]}]},{\"@type\":\"BreadcrumbList\",\"@id\":\"https:\\\/\\\/lomatrio-koskelo.fi\\\/koskelo\\\/joukkueruokailu\\\/#breadcrumb\",\"itemListElement\":[{\"@type\":\"ListItem\",\"position\":1,\"name\":\"Home\",\"item\":\"https:\\\/\\\/lomatrio-koskelo.fi\\\/koskelo\\\/\"},{\"@type\":\"ListItem\",\"position\":2,\"name\":\"Joukkueruokailu\"}]},{\"@type\":\"WebSite\",\"@id\":\"https:\\\/\\\/lomatrio-koskelo.fi\\\/koskelo\\\/#website\",\"url\":\"https:\\\/\\\/lomatrio-koskelo.fi\\\/koskelo\\\/\",\"name\":\"Koskelo\",\"description\":\"Uusi Lomatrio-Koskelo-sivustot -sivusto\",\"potentialAction\":[{\"@type\":\"SearchAction\",\"target\":{\"@type\":\"EntryPoint\",\"urlTemplate\":\"https:\\\/\\\/lomatrio-koskelo.fi\\\/koskelo\\\/?s={search_term_string}\"},\"query-input\":{\"@type\":\"PropertyValueSpecification\",\"valueRequired\":true,\"valueName\":\"search_term_string\"}}],\"inLanguage\":\"fi\"}]}<\/script>\n<!-- \/ Yoast SEO plugin. -->","yoast_head_json":{"title":"Joukkueruokailu - Koskelo - Viihtyis\u00e4 liikenneasema valtatie 9:n varressa","description":"Isommankin porukan ruokailut onnistuvat meill\u00e4 k\u00e4tev\u00e4sti ennakkoon tilaamalla. Katso lista, valitse ja varaa ruokailu k\u00e4tev\u00e4sti verkkosivujemme kautta.","robots":{"index":"index","follow":"follow","max-snippet":"max-snippet:-1","max-image-preview":"max-image-preview:large","max-video-preview":"max-video-preview:-1"},"canonical":"https:\/\/lomatrio-koskelo.fi\/koskelo\/joukkueruokailu\/","og_locale":"fi_FI","og_type":"article","og_title":"Joukkueruokailu - Koskelo - Viihtyis\u00e4 liikenneasema valtatie 9:n varressa","og_description":"Isommankin porukan ruokailut onnistuvat meill\u00e4 k\u00e4tev\u00e4sti ennakkoon tilaamalla. Katso lista, valitse ja varaa ruokailu k\u00e4tev\u00e4sti verkkosivujemme kautta.","og_url":"https:\/\/lomatrio-koskelo.fi\/koskelo\/joukkueruokailu\/","og_site_name":"Koskelo","article_publisher":"https:\/\/www.facebook.com\/Koskelon-Matkailukeskus-1495588263986709\/","article_modified_time":"2026-02-19T07:11:09+00:00","twitter_card":"summary_large_image","twitter_misc":{"Arvioitu lukuaika":"3 minuuttia"},"schema":{"@context":"https:\/\/schema.org","@graph":[{"@type":"WebPage","@id":"https:\/\/lomatrio-koskelo.fi\/koskelo\/joukkueruokailu\/","url":"https:\/\/lomatrio-koskelo.fi\/koskelo\/joukkueruokailu\/","name":"Joukkueruokailu - Koskelo - Viihtyis\u00e4 liikenneasema valtatie 9:n varressa","isPartOf":{"@id":"https:\/\/lomatrio-koskelo.fi\/koskelo\/#website"},"datePublished":"2019-06-15T13:20:27+00:00","dateModified":"2026-02-19T07:11:09+00:00","description":"Isommankin porukan ruokailut onnistuvat meill\u00e4 k\u00e4tev\u00e4sti ennakkoon tilaamalla. Katso lista, valitse ja varaa ruokailu k\u00e4tev\u00e4sti verkkosivujemme kautta.","breadcrumb":{"@id":"https:\/\/lomatrio-koskelo.fi\/koskelo\/joukkueruokailu\/#breadcrumb"},"inLanguage":"fi","potentialAction":[{"@type":"ReadAction","target":["https:\/\/lomatrio-koskelo.fi\/koskelo\/joukkueruokailu\/"]}]},{"@type":"BreadcrumbList","@id":"https:\/\/lomatrio-koskelo.fi\/koskelo\/joukkueruokailu\/#breadcrumb","itemListElement":[{"@type":"ListItem","position":1,"name":"Home","item":"https:\/\/lomatrio-koskelo.fi\/koskelo\/"},{"@type":"ListItem","position":2,"name":"Joukkueruokailu"}]},{"@type":"WebSite","@id":"https:\/\/lomatrio-koskelo.fi\/koskelo\/#website","url":"https:\/\/lomatrio-koskelo.fi\/koskelo\/","name":"Koskelo","description":"Uusi Lomatrio-Koskelo-sivustot -sivusto","potentialAction":[{"@type":"SearchAction","target":{"@type":"EntryPoint","urlTemplate":"https:\/\/lomatrio-koskelo.fi\/koskelo\/?s={search_term_string}"},"query-input":{"@type":"PropertyValueSpecification","valueRequired":true,"valueName":"search_term_string"}}],"inLanguage":"fi"}]}},"_links":{"self":[{"href":"https:\/\/lomatrio-koskelo.fi\/koskelo\/wp-json\/wp\/v2\/pages\/557","targetHints":{"allow":["GET"]}}],"collection":[{"href":"https:\/\/lomatrio-koskelo.fi\/koskelo\/wp-json\/wp\/v2\/pages"}],"about":[{"href":"https:\/\/lomatrio-koskelo.fi\/koskelo\/wp-json\/wp\/v2\/types\/page"}],"author":[{"embeddable":true,"href":"https:\/\/lomatrio-koskelo.fi\/koskelo\/wp-json\/wp\/v2\/users\/1"}],"replies":[{"embeddable":true,"href":"https:\/\/lomatrio-koskelo.fi\/koskelo\/wp-json\/wp\/v2\/comments?post=557"}],"version-history":[{"count":18,"href":"https:\/\/lomatrio-koskelo.fi\/koskelo\/wp-json\/wp\/v2\/pages\/557\/revisions"}],"predecessor-version":[{"id":1720,"href":"https:\/\/lomatrio-koskelo.fi\/koskelo\/wp-json\/wp\/v2\/pages\/557\/revisions\/1720"}],"wp:attachment":[{"href":"https:\/\/lomatrio-koskelo.fi\/koskelo\/wp-json\/wp\/v2\/media?parent=557"}],"curies":[{"name":"wp","href":"https:\/\/api.w.org\/{rel}","templated":true}]}}