{"id":1693,"date":"2025-05-21T15:36:01","date_gmt":"2025-05-21T12:36:01","guid":{"rendered":"https:\/\/lomatrio-koskelo.fi\/koskelo\/?page_id=1693"},"modified":"2025-05-21T15:50:13","modified_gmt":"2025-05-21T12:50:13","slug":"a-la-carte","status":"publish","type":"page","link":"https:\/\/lomatrio-koskelo.fi\/koskelo\/a-la-carte\/","title":{"rendered":"\u00c0 la carte"},"content":{"rendered":"<p>[et_pb_section fb_built=&#8221;1&#8243; _builder_version=&#8221;4.16&#8243; background_image=&#8221;https:\/\/lomatrio-koskelo.fi\/koskelo\/wp-content\/uploads\/sites\/5\/2019\/06\/lomatrio-joukkueruokailu-2.jpg&#8221; custom_padding=&#8221;8vw||8vw&#8221; global_colors_info=&#8221;{}&#8221;][et_pb_row _builder_version=&#8221;4.16&#8243; border_width_top=&#8221;3px&#8221; border_color_top=&#8221;#FFFFFF&#8221; border_width_right=&#8221;3px&#8221; border_color_right=&#8221;#FFFFFF&#8221; border_width_bottom=&#8221;3px&#8221; border_color_bottom=&#8221;#FFFFFF&#8221; border_width_left=&#8221;3px&#8221; border_color_left=&#8221;#FFFFFF&#8221; global_colors_info=&#8221;{}&#8221;][et_pb_column type=&#8221;4_4&#8243; _builder_version=&#8221;4.16&#8243; custom_padding=&#8221;|||&#8221; global_colors_info=&#8221;{}&#8221; custom_padding__hover=&#8221;|||&#8221;][et_pb_text _builder_version=&#8221;4.27.4&#8243; header_font=&#8221;Frank Ruhl Libre|900|||||||&#8221; header_text_align=&#8221;center&#8221; header_text_color=&#8221;#FFFFFF&#8221; header_font_size=&#8221;50px&#8221; header_font_size_tablet=&#8221;&#8221; header_font_size_phone=&#8221;25px&#8221; header_font_size_last_edited=&#8221;on|phone&#8221; header_text_shadow_style=&#8221;preset2&#8243; global_colors_info=&#8221;{}&#8221;]<\/p>\n<h1>\u00c1 LA CARTE &amp; PIZZAT<\/h1>\n<p>[\/et_pb_text][\/et_pb_column][\/et_pb_row][\/et_pb_section][et_pb_section fb_built=&#8221;1&#8243; fullwidth=&#8221;on&#8221; _builder_version=&#8221;4.16&#8243; global_colors_info=&#8221;{}&#8221;][et_pb_fullwidth_menu menu_id=&#8221;8&#8243; _builder_version=&#8221;4.16&#8243; menu_font=&#8221;Open Sans|700|||||||&#8221; menu_font_size=&#8221;17px&#8221; global_colors_info=&#8221;{}&#8221;][\/et_pb_fullwidth_menu][\/et_pb_section][et_pb_section fb_built=&#8221;1&#8243; _builder_version=&#8221;4.16&#8243; top_divider_color=&#8221;#E71E27&#8243; top_divider_height=&#8221;21px&#8221; top_divider_repeat=&#8221;4x&#8221; border_width_top=&#8221;7px&#8221; border_color_top=&#8221;#2B9FCD&#8221; global_colors_info=&#8221;{}&#8221;][et_pb_row _builder_version=&#8221;4.16&#8243; global_colors_info=&#8221;{}&#8221;][et_pb_column type=&#8221;4_4&#8243; _builder_version=&#8221;4.16&#8243; custom_padding=&#8221;|||&#8221; global_colors_info=&#8221;{}&#8221; custom_padding__hover=&#8221;|||&#8221;][et_pb_text _builder_version=&#8221;4.27.4&#8243; text_font=&#8221;||||||||&#8221; header_font=&#8221;||||||||&#8221; header_text_color=&#8221;#2B9FCD&#8221; header_3_font=&#8221;Frank Ruhl Libre|700|||||||&#8221; header_3_text_align=&#8221;center&#8221; header_3_text_color=&#8221;#2B9FCD&#8221; header_3_font_size=&#8221;30px&#8221; header_3_font_size_tablet=&#8221;&#8221; header_3_font_size_phone=&#8221;&#8221; header_3_font_size_last_edited=&#8221;on|desktop&#8221; global_colors_info=&#8221;{}&#8221;]<\/p>\n<h3 style=\"text-align: center;\">\u00c1 la carte -annokset:<\/h3>\n<p>[\/et_pb_text][et_pb_text _builder_version=&#8221;4.27.4&#8243; text_font=&#8221;||||||||&#8221; global_colors_info=&#8221;{}&#8221;]<\/p>\n<p style=\"text-align: center;\"><b>Valitse leike:<\/b><\/p>\n<p style=\"text-align: center;\">Possu 17,90\u20ac<\/p>\n<p style=\"text-align: center;\">Broileri 16,90\u20ac<\/p>\n<p style=\"text-align: center;\">Nauta 22,90\u20ac<\/p>\n<p style=\"text-align: center;\"><strong>Valitse kastike:<br \/><\/strong>Pippuri, sieni, aurajuusto, bearnaice tai maustevoi G.L<\/p>\n<p style=\"text-align: center;\"><strong>Valitse perunat kassalla!<\/strong><\/p>\n<p style=\"text-align: center;\">13,90 \u20ac \/ yli 12-vuotiaat<\/p>\n<p style=\"text-align: center;\"><b>Muut:<\/b><\/p>\n<p style=\"text-align: center;\">Paistetut muikut ja muussi 17,90 \u20ac<\/p>\n<p style=\"text-align: center;\">Broilerikulho 13,90 \u20ac G,L<\/p>\n<p style=\"text-align: center;\">Lohikeitto 14,90 \u20ac G,L<\/p>\n<p style=\"text-align: center;\">Kasvispasta 12,90 \u20ac<\/p>\n<p style=\"text-align: center;\"><strong>Lapsille:<\/strong><\/p>\n<p style=\"text-align: center;\">Broileripasta 7,90 \u20ac<\/p>\n<p style=\"text-align: center;\">Herkkukori 8,50 \u20ac<\/p>\n<p style=\"text-align: center;\">Possunpihvi 11,90 \u20ac G,L<\/p>\n<p style=\"text-align: center;\"><strong>Annoksiin sis\u00e4ltyy:<\/strong><\/p>\n<p style=\"text-align: center;\">Kotiruokajuomat, salaattip\u00f6yt\u00e4, leiv\u00e4t sek\u00e4 kahvi.<\/p>\n<p style=\"text-align: center;\"><em>Keitti\u00f6 on avonna 10.30-19.30<\/em><\/p>\n<p>[\/et_pb_text][et_pb_text _builder_version=&#8221;4.27.4&#8243; text_font=&#8221;||||||||&#8221; header_font=&#8221;||||||||&#8221; header_text_color=&#8221;#2B9FCD&#8221; header_3_font=&#8221;Frank Ruhl Libre|700|||||||&#8221; header_3_text_align=&#8221;center&#8221; header_3_text_color=&#8221;#2B9FCD&#8221; header_3_font_size=&#8221;30px&#8221; header_3_font_size_tablet=&#8221;&#8221; header_3_font_size_phone=&#8221;&#8221; header_3_font_size_last_edited=&#8221;on|desktop&#8221; global_colors_info=&#8221;{}&#8221;]<\/p>\n<h3 style=\"text-align: center;\">Pizzat:<\/h3>\n<p>[\/et_pb_text][et_pb_text _builder_version=&#8221;4.27.4&#8243; text_font=&#8221;||||||||&#8221; hover_enabled=&#8221;0&#8243; global_colors_info=&#8221;{}&#8221; sticky_enabled=&#8221;0&#8243;]<\/p>\n<p style=\"text-align: center;\">Kinkku-ananas 2.0 14,90\u20ac<br \/><em>Savukinkku, ananans-passion, aura, balsamico<\/em><\/p>\n<p style=\"text-align: center;\">Kuuma pepperoni 14,90\u20ac<br \/><em>Pepperoni, nduja, punasipuli<\/em><\/p>\n<p style=\"text-align: center;\">N\u00f6f n\u00f6f 14,90\u20ac<br \/><em>Savukinkku, pekoni, persikka, punasipuli<\/em><\/p>\n<p style=\"text-align: center;\"><em>Kot kot 14,90\u20ac<br \/>Kana, paholaisen hillo, mustapippuri<\/em><em><\/em><\/p>\n<p style=\"text-align: center;\"><em>4 juuston pizza 14,90\u20ac<br \/>Aura, feta, grana padano, paholaisenhillo<\/em><\/p>\n<p style=\"text-align: center;\">Fantasia 3 tai 4 t\u00e4ytett\u00e4 14,90\u20ac\/15,90\u20ac<\/p>\n<p style=\"text-align: center;\">Kaikissa nokkospizzamauste ja juusto<\/p>\n<p>[\/et_pb_text][\/et_pb_column][\/et_pb_row][\/et_pb_section]<\/p>\n","protected":false},"excerpt":{"rendered":"<p>\u00c1 LA CARTE &amp; PIZZAT\u00c1 la carte -annokset:Valitse leike: Possu 17,90\u20ac Broileri 16,90\u20ac Nauta 22,90\u20ac Valitse kastike:Pippuri, sieni, aurajuusto, bearnaice tai maustevoi G.L Valitse perunat kassalla! 13,90 \u20ac \/ yli 12-vuotiaat Muut: Paistetut muikut ja muussi 17,90 \u20ac Broilerikulho 13,90 \u20ac G,L Lohikeitto 14,90 \u20ac G,L Kasvispasta 12,90 \u20ac Lapsille: Broileripasta 7,90 \u20ac Herkkukori 8,50 [&hellip;]<\/p>\n","protected":false},"author":1,"featured_media":0,"parent":0,"menu_order":0,"comment_status":"closed","ping_status":"closed","template":"","meta":{"_et_pb_use_builder":"on","_et_pb_old_content":"","_et_gb_content_width":"","footnotes":""},"class_list":["post-1693","page","type-page","status-publish","hentry"],"yoast_head":"<!-- This site is optimized with the Yoast SEO plugin v27.4 - https:\/\/yoast.com\/product\/yoast-seo-wordpress\/ -->\n<title>\u00c0 la carte - Koskelo<\/title>\n<meta name=\"robots\" content=\"index, follow, max-snippet:-1, max-image-preview:large, max-video-preview:-1\" \/>\n<link rel=\"canonical\" href=\"https:\/\/lomatrio-koskelo.fi\/koskelo\/a-la-carte\/\" \/>\n<meta property=\"og:locale\" content=\"fi_FI\" \/>\n<meta property=\"og:type\" content=\"article\" \/>\n<meta property=\"og:title\" content=\"\u00c0 la carte - Koskelo\" \/>\n<meta property=\"og:description\" content=\"\u00c1 LA CARTE &amp; PIZZAT\u00c1 la carte -annokset:Valitse leike: Possu 17,90\u20ac Broileri 16,90\u20ac Nauta 22,90\u20ac Valitse kastike:Pippuri, sieni, aurajuusto, bearnaice tai maustevoi G.L Valitse perunat kassalla! 13,90 \u20ac \/ yli 12-vuotiaat Muut: Paistetut muikut ja muussi 17,90 \u20ac Broilerikulho 13,90 \u20ac G,L Lohikeitto 14,90 \u20ac G,L Kasvispasta 12,90 \u20ac Lapsille: Broileripasta 7,90 \u20ac Herkkukori 8,50 [&hellip;]\" \/>\n<meta property=\"og:url\" content=\"https:\/\/lomatrio-koskelo.fi\/koskelo\/a-la-carte\/\" \/>\n<meta property=\"og:site_name\" content=\"Koskelo\" \/>\n<meta property=\"article:publisher\" content=\"https:\/\/www.facebook.com\/Koskelon-Matkailukeskus-1495588263986709\/\" \/>\n<meta property=\"article:modified_time\" content=\"2025-05-21T12:50:13+00:00\" \/>\n<meta name=\"twitter:card\" content=\"summary_large_image\" \/>\n<script type=\"application\/ld+json\" class=\"yoast-schema-graph\">{\"@context\":\"https:\\\/\\\/schema.org\",\"@graph\":[{\"@type\":\"WebPage\",\"@id\":\"https:\\\/\\\/lomatrio-koskelo.fi\\\/koskelo\\\/a-la-carte\\\/\",\"url\":\"https:\\\/\\\/lomatrio-koskelo.fi\\\/koskelo\\\/a-la-carte\\\/\",\"name\":\"\u00c0 la carte - Koskelo\",\"isPartOf\":{\"@id\":\"https:\\\/\\\/lomatrio-koskelo.fi\\\/koskelo\\\/#website\"},\"datePublished\":\"2025-05-21T12:36:01+00:00\",\"dateModified\":\"2025-05-21T12:50:13+00:00\",\"breadcrumb\":{\"@id\":\"https:\\\/\\\/lomatrio-koskelo.fi\\\/koskelo\\\/a-la-carte\\\/#breadcrumb\"},\"inLanguage\":\"fi\",\"potentialAction\":[{\"@type\":\"ReadAction\",\"target\":[\"https:\\\/\\\/lomatrio-koskelo.fi\\\/koskelo\\\/a-la-carte\\\/\"]}]},{\"@type\":\"BreadcrumbList\",\"@id\":\"https:\\\/\\\/lomatrio-koskelo.fi\\\/koskelo\\\/a-la-carte\\\/#breadcrumb\",\"itemListElement\":[{\"@type\":\"ListItem\",\"position\":1,\"name\":\"Home\",\"item\":\"https:\\\/\\\/lomatrio-koskelo.fi\\\/koskelo\\\/\"},{\"@type\":\"ListItem\",\"position\":2,\"name\":\"\u00c0 la carte\"}]},{\"@type\":\"WebSite\",\"@id\":\"https:\\\/\\\/lomatrio-koskelo.fi\\\/koskelo\\\/#website\",\"url\":\"https:\\\/\\\/lomatrio-koskelo.fi\\\/koskelo\\\/\",\"name\":\"Koskelo\",\"description\":\"Uusi Lomatrio-Koskelo-sivustot -sivusto\",\"potentialAction\":[{\"@type\":\"SearchAction\",\"target\":{\"@type\":\"EntryPoint\",\"urlTemplate\":\"https:\\\/\\\/lomatrio-koskelo.fi\\\/koskelo\\\/?s={search_term_string}\"},\"query-input\":{\"@type\":\"PropertyValueSpecification\",\"valueRequired\":true,\"valueName\":\"search_term_string\"}}],\"inLanguage\":\"fi\"}]}<\/script>\n<!-- \/ Yoast SEO plugin. -->","yoast_head_json":{"title":"\u00c0 la carte - Koskelo","robots":{"index":"index","follow":"follow","max-snippet":"max-snippet:-1","max-image-preview":"max-image-preview:large","max-video-preview":"max-video-preview:-1"},"canonical":"https:\/\/lomatrio-koskelo.fi\/koskelo\/a-la-carte\/","og_locale":"fi_FI","og_type":"article","og_title":"\u00c0 la carte - Koskelo","og_description":"\u00c1 LA CARTE &amp; PIZZAT\u00c1 la carte -annokset:Valitse leike: Possu 17,90\u20ac Broileri 16,90\u20ac Nauta 22,90\u20ac Valitse kastike:Pippuri, sieni, aurajuusto, bearnaice tai maustevoi G.L Valitse perunat kassalla! 13,90 \u20ac \/ yli 12-vuotiaat Muut: Paistetut muikut ja muussi 17,90 \u20ac Broilerikulho 13,90 \u20ac G,L Lohikeitto 14,90 \u20ac G,L Kasvispasta 12,90 \u20ac Lapsille: Broileripasta 7,90 \u20ac Herkkukori 8,50 [&hellip;]","og_url":"https:\/\/lomatrio-koskelo.fi\/koskelo\/a-la-carte\/","og_site_name":"Koskelo","article_publisher":"https:\/\/www.facebook.com\/Koskelon-Matkailukeskus-1495588263986709\/","article_modified_time":"2025-05-21T12:50:13+00:00","twitter_card":"summary_large_image","schema":{"@context":"https:\/\/schema.org","@graph":[{"@type":"WebPage","@id":"https:\/\/lomatrio-koskelo.fi\/koskelo\/a-la-carte\/","url":"https:\/\/lomatrio-koskelo.fi\/koskelo\/a-la-carte\/","name":"\u00c0 la carte - Koskelo","isPartOf":{"@id":"https:\/\/lomatrio-koskelo.fi\/koskelo\/#website"},"datePublished":"2025-05-21T12:36:01+00:00","dateModified":"2025-05-21T12:50:13+00:00","breadcrumb":{"@id":"https:\/\/lomatrio-koskelo.fi\/koskelo\/a-la-carte\/#breadcrumb"},"inLanguage":"fi","potentialAction":[{"@type":"ReadAction","target":["https:\/\/lomatrio-koskelo.fi\/koskelo\/a-la-carte\/"]}]},{"@type":"BreadcrumbList","@id":"https:\/\/lomatrio-koskelo.fi\/koskelo\/a-la-carte\/#breadcrumb","itemListElement":[{"@type":"ListItem","position":1,"name":"Home","item":"https:\/\/lomatrio-koskelo.fi\/koskelo\/"},{"@type":"ListItem","position":2,"name":"\u00c0 la carte"}]},{"@type":"WebSite","@id":"https:\/\/lomatrio-koskelo.fi\/koskelo\/#website","url":"https:\/\/lomatrio-koskelo.fi\/koskelo\/","name":"Koskelo","description":"Uusi Lomatrio-Koskelo-sivustot -sivusto","potentialAction":[{"@type":"SearchAction","target":{"@type":"EntryPoint","urlTemplate":"https:\/\/lomatrio-koskelo.fi\/koskelo\/?s={search_term_string}"},"query-input":{"@type":"PropertyValueSpecification","valueRequired":true,"valueName":"search_term_string"}}],"inLanguage":"fi"}]}},"_links":{"self":[{"href":"https:\/\/lomatrio-koskelo.fi\/koskelo\/wp-json\/wp\/v2\/pages\/1693","targetHints":{"allow":["GET"]}}],"collection":[{"href":"https:\/\/lomatrio-koskelo.fi\/koskelo\/wp-json\/wp\/v2\/pages"}],"about":[{"href":"https:\/\/lomatrio-koskelo.fi\/koskelo\/wp-json\/wp\/v2\/types\/page"}],"author":[{"embeddable":true,"href":"https:\/\/lomatrio-koskelo.fi\/koskelo\/wp-json\/wp\/v2\/users\/1"}],"replies":[{"embeddable":true,"href":"https:\/\/lomatrio-koskelo.fi\/koskelo\/wp-json\/wp\/v2\/comments?post=1693"}],"version-history":[{"count":6,"href":"https:\/\/lomatrio-koskelo.fi\/koskelo\/wp-json\/wp\/v2\/pages\/1693\/revisions"}],"predecessor-version":[{"id":1705,"href":"https:\/\/lomatrio-koskelo.fi\/koskelo\/wp-json\/wp\/v2\/pages\/1693\/revisions\/1705"}],"wp:attachment":[{"href":"https:\/\/lomatrio-koskelo.fi\/koskelo\/wp-json\/wp\/v2\/media?parent=1693"}],"curies":[{"name":"wp","href":"https:\/\/api.w.org\/{rel}","templated":true}]}}